{"id":127,"date":"2019-01-24T17:53:00","date_gmt":"2019-01-24T16:53:00","guid":{"rendered":"http:\/\/www.ergonomie-whitelabel-bkk.movement24.de\/?page_id=127"},"modified":"2021-08-04T09:27:46","modified_gmt":"2021-08-04T07:27:46","slug":"impressum","status":"publish","type":"page","link":"https:\/\/demo-better-homeoffice.movement24.de\/de\/impressum\/","title":{"rendered":"Impressum"},"content":{"rendered":"[vc_row type=&#8221;full_width_background&#8221; full_screen_row_position=&#8221;middle&#8221; scene_position=&#8221;center&#8221; text_color=&#8221;light&#8221; text_align=&#8221;left&#8221; top_padding=&#8221;4%&#8221; bottom_padding=&#8221;4%&#8221; class=&#8221;mv-bg-custom&#8221; id=&#8221;intro&#8221; row_name=&#8221;Intro&#8221; overlay_strength=&#8221;0.5&#8243; shape_divider_position=&#8221;bottom&#8221; bg_image_animation=&#8221;none&#8221; shape_type=&#8221;&#8221;][vc_column centered_text=&#8221;true&#8221; column_padding=&#8221;padding-6-percent&#8221; column_padding_position=&#8221;all&#8221; background_color_opacity=&#8221;1&#8243; background_hover_color_opacity=&#8221;1&#8243; column_link_target=&#8221;_self&#8221; column_shadow=&#8221;none&#8221; column_border_radius=&#8221;none&#8221; width=&#8221;1\/1&#8243; tablet_width_inherit=&#8221;default&#8221; tablet_text_alignment=&#8221;default&#8221; phone_text_alignment=&#8221;default&#8221; column_border_width=&#8221;none&#8221; column_border_style=&#8221;solid&#8221; bg_image_animation=&#8221;none&#8221;][vc_row_inner column_margin=&#8221;default&#8221; text_align=&#8221;left&#8221;][vc_column_inner column_padding=&#8221;no-extra-padding&#8221; column_padding_position=&#8221;all&#8221; background_color_opacity=&#8221;1&#8243; background_hover_color_opacity=&#8221;1&#8243; column_shadow=&#8221;none&#8221; column_border_radius=&#8221;none&#8221; column_link_target=&#8221;_self&#8221; width=&#8221;1\/1&#8243; tablet_width_inherit=&#8221;default&#8221; column_border_width=&#8221;none&#8221; column_border_style=&#8221;solid&#8221; bg_image_animation=&#8221;none&#8221; enable_animation=&#8221;true&#8221; animation=&#8221;fade-in-from-bottom&#8221;][vc_column_text max_width=&#8221;700&#8243;]\n<h1>Impressum<\/h1>\n[\/vc_column_text][\/vc_column_inner][\/vc_row_inner][\/vc_column][\/vc_row][vc_row type=&#8221;in_container&#8221; full_screen_row_position=&#8221;middle&#8221; scene_position=&#8221;center&#8221; text_color=&#8221;dark&#8221; text_align=&#8221;left&#8221; top_padding=&#8221;5%&#8221; overlay_strength=&#8221;0.3&#8243; shape_divider_position=&#8221;bottom&#8221; bg_image_animation=&#8221;none&#8221; shape_type=&#8221;&#8221;][vc_column column_padding=&#8221;no-extra-padding&#8221; column_padding_position=&#8221;all&#8221; background_color_opacity=&#8221;1&#8243; background_hover_color_opacity=&#8221;1&#8243; column_link_target=&#8221;_self&#8221; column_shadow=&#8221;none&#8221; column_border_radius=&#8221;none&#8221; width=&#8221;1\/1&#8243; tablet_width_inherit=&#8221;default&#8221; tablet_text_alignment=&#8221;default&#8221; phone_text_alignment=&#8221;default&#8221; column_border_width=&#8221;none&#8221; column_border_style=&#8221;solid&#8221; bg_image_animation=&#8221;none&#8221;][vc_row_inner column_margin=&#8221;default&#8221; text_align=&#8221;left&#8221;][vc_column_inner column_padding=&#8221;no-extra-padding&#8221; column_padding_position=&#8221;all&#8221; background_color_opacity=&#8221;1&#8243; background_hover_color_opacity=&#8221;1&#8243; column_shadow=&#8221;none&#8221; column_border_radius=&#8221;none&#8221; column_link_target=&#8221;_self&#8221; width=&#8221;1\/6&#8243; tablet_width_inherit=&#8221;default&#8221; column_border_width=&#8221;none&#8221; column_border_style=&#8221;solid&#8221; bg_image_animation=&#8221;none&#8221;][\/vc_column_inner][vc_column_inner column_padding=&#8221;no-extra-padding&#8221; column_padding_position=&#8221;all&#8221; background_color_opacity=&#8221;1&#8243; background_hover_color_opacity=&#8221;1&#8243; column_shadow=&#8221;none&#8221; column_border_radius=&#8221;none&#8221; column_link_target=&#8221;_self&#8221; width=&#8221;2\/3&#8243; tablet_width_inherit=&#8221;default&#8221; column_border_width=&#8221;none&#8221; column_border_style=&#8221;solid&#8221; bg_image_animation=&#8221;none&#8221;][vc_column_text]\n<h3>KONTAKT<\/h3>\n<p>movement24 GmbH<br \/>\nLuisenstra\u00dfe 62<br \/>\nD-80798 M\u00fcnchen<\/p>\n<p>Fon: 089\/92779929<\/p>\n<p><a href=\"mailto:info@movement24.de\">info@movement24.de<\/a><br \/>\n<a href=\"http:\/\/www.movement24.de\/\" target=\"_blank\" rel=\"noopener noreferrer\">www.movement24.de<\/a><\/p>\n<p>Umsatzsteueridentifikationsnummer: DE287112535<br \/>\nFinanzamt M\u00fcnchen f\u00fcr\u00a0 K\u00f6rperschaften \u2013 Steuer Nr.: 143\/164\/20878<\/p>\n<h4>Rechtsform und Gesch\u00e4ftsf\u00fchrer<\/h4>\n<p>movement24 GmbH\u00a0ist eine Gesellschaft mit beschr\u00e4nkter Haftung mit Sitz in M\u00fcnchen, eingetragen beim Handelsregister des Amtsgerichts M\u00fcnchen unter HRB 203006.<br \/>\nGesch\u00e4ftsf\u00fchrer: Christoph von Oldershausen.<\/p>\n<h4>Verantwortlicher Redakteur der Website<\/h4>\n<p>Jakob Zierer<br \/>\nmovement24 GmbH<br \/>\nLuisenstra\u00dfe 62<br \/>\n80798 M\u00fcnchen<\/p>\n<h2><\/h2>\n<h3>KONZEPT, DESIGN &amp; PROGRAMMIERUNG<\/h3>\n<p>movement24 GmbH<\/p>\n<p>Dirk Schirmer, <a href=\"https:\/\/www.evoletics.de\/\" target=\"_blank\" rel=\"noopener\">evoletics<\/a><\/p>\n<h3>HAFTUNGSAUSSCHLUSS UND RECHTLICHE HINWEISE<\/h3>\n<h4>Links<\/h4>\n<p>Durch die Anbringung eines Links soll eine Mitverantwortung und Mithaftung f\u00fcr die Inhalte der gelinkten Seite entstehen k\u00f6nnen, wenn sich der Betreiber der Website nicht ausdr\u00fccklich von diesen Inhalten distanziert. Von allen Inhalten s\u00e4mtlicher gelinkter Seiten, d.h. Internetseiten, auf die diese Website direkt oder indirekt verweist, oder die auf diese Website direkt oder indirekt verweisen, wird hiermit eine ausdr\u00fcckliche Distanzierung erkl\u00e4rt. F\u00fcr den Inhalt dieser Seiten sind ausschlie\u00dflich deren Anbieter verantwortlich, insbesondere macht sich der Anbieter die Inhalte dieser Seiten nicht zu Eigen. Die Verlinkung stellt ausschlie\u00dflich den wertungsfreien und nur der Information dienenden Hinweis auf das von Dritten erstellte Angebot dar. Zurzeit der Verlinkung wurden die verlinkten Seiten auf m\u00f6gliche Rechtsverst\u00f6\u00dfe gepr\u00fcft. Bei Bekanntwerden von Rechtsverletzungen werden Links zu den betroffenen Seiten umgehend entfernt.<\/p>\n<p>Die Einbindung der Website der movement24 GmbH in eine Rahmenstruktur (Frame) ist nur nach vorheriger schriftlicher Zustimmung der movement24 GmbH zul\u00e4ssig. Links auf Unterseiten und Unterverzeichnisse (Deep-Links, Img-Links) sind ebenfalls nur nach seiner vorherigen Zustimmung zul\u00e4ssig. Die movement24 GmbH beh\u00e4lt sich vor, eine erteilte Zustimmung jederzeit ohne Nennung besonderer Gr\u00fcnde mit Wirkung f\u00fcr die Zukunft zu widerrufen.<\/p>\n<h4>Haftungsausschluss<\/h4>\n<p>Die Inhalte der Website \u2013 insbesondere die rechtlichen Informationen und Beitr\u00e4ge \u2013 wurden sorgf\u00e4ltig recherchiert und zusammengestellt; sie k\u00f6nnen und sollen jedoch keine Beratung im Einzelfall darstellen oder ersetzen. Die Inhalte dienen daher ausschlie\u00dflich der Information. Sie stellen keine Beratung, Empfehlung oder Aufforderung zu einer Handlung dar. Eine Gew\u00e4hr f\u00fcr die Vollst\u00e4ndigkeit, Richtigkeit oder Aktualit\u00e4t der Inhalte und Informationen wird ebenso ausgeschlossen wie eine Haftung f\u00fcr Sch\u00e4den aufgrund von Handlungen, welche ausgehend von den angebotenen Inhalten und Informationen vorgenommen wurden. Der Haftungsausschluss gilt nicht f\u00fcr grob fahrl\u00e4ssige oder vors\u00e4tzliche Pflichtverletzungen und f\u00fcr Sch\u00e4den aus der Verletzung des Lebens, des K\u00f6rpers oder der Gesundheit.<\/p>\n<p>Bei unvollst\u00e4ndigen Angaben auf dieser Website, berufsrechtlichen oder wettbewerbsrechtlichen Vorkommnissen oder \u00e4hnlichen Problemen im Zusammenhang mit dieser Website sollten Sie uns im Vorfeld postalisch oder per Email kontaktieren, um Kosten eines Rechtsstreits zu vermeiden. Ohne eine derartige Kontaktaufnahme wird eine Kostenerstattung im Hinblick auf die Pflicht zur Schadensminderung zur\u00fcckgewiesen.<\/p>\n<h4>Hinweis zum Urheberrecht<\/h4>\n<p>Inhalt, Struktur, Datenbanken, redaktionelle Beitr\u00e4ge und die Auswahl der Zusammenstellung der Website sowie deren einzelne Bestandteile sind urheberrechtlich gesch\u00fctzt. Jede urheberrechtliche Verwertung bedarf der vorherigen schriftlichen Zustimmung des Betreibers. Dies gilt insbesondere f\u00fcr die Vervielf\u00e4ltigung, Bearbeitung, Einspeicherung, Verarbeitung und Wiedergabe in Datenbanken oder anderen elektronischen Medien von Informationen oder Daten, sowie die Verwendung von Texten, Textteilen, Layout oder Bildmaterial.[\/vc_column_text][\/vc_column_inner][vc_column_inner column_padding=&#8221;no-extra-padding&#8221; column_padding_position=&#8221;all&#8221; background_color_opacity=&#8221;1&#8243; background_hover_color_opacity=&#8221;1&#8243; column_shadow=&#8221;none&#8221; column_border_radius=&#8221;none&#8221; column_link_target=&#8221;_self&#8221; width=&#8221;1\/6&#8243; tablet_width_inherit=&#8221;default&#8221; column_border_width=&#8221;none&#8221; column_border_style=&#8221;solid&#8221; bg_image_animation=&#8221;none&#8221;][\/vc_column_inner][\/vc_row_inner][\/vc_column][\/vc_row]\n","protected":false},"excerpt":{"rendered":"<p>[vc_row type=&#8221;full_width_background&#8221;&#8230;<\/p>\n","protected":false},"author":4,"featured_media":0,"parent":0,"menu_order":0,"comment_status":"closed","ping_status":"closed","template":"","meta":[],"acf":[],"_links":{"self":[{"href":"https:\/\/demo-better-homeoffice.movement24.de\/de\/wp-json\/wp\/v2\/pages\/127"}],"collection":[{"href":"https:\/\/demo-better-homeoffice.movement24.de\/de\/wp-json\/wp\/v2\/pages"}],"about":[{"href":"https:\/\/demo-better-homeoffice.movement24.de\/de\/wp-json\/wp\/v2\/types\/page"}],"author":[{"embeddable":true,"href":"https:\/\/demo-better-homeoffice.movement24.de\/de\/wp-json\/wp\/v2\/users\/4"}],"replies":[{"embeddable":true,"href":"https:\/\/demo-better-homeoffice.movement24.de\/de\/wp-json\/wp\/v2\/comments?post=127"}],"version-history":[{"count":15,"href":"https:\/\/demo-better-homeoffice.movement24.de\/de\/wp-json\/wp\/v2\/pages\/127\/revisions"}],"predecessor-version":[{"id":11417,"href":"https:\/\/demo-better-homeoffice.movement24.de\/de\/wp-json\/wp\/v2\/pages\/127\/revisions\/11417"}],"wp:attachment":[{"href":"https:\/\/demo-better-homeoffice.movement24.de\/de\/wp-json\/wp\/v2\/media?parent=127"}],"curies":[{"name":"wp","href":"https:\/\/api.w.org\/{rel}","templated":true}]}}